{"id":5,"date":"2025-05-24T16:11:21","date_gmt":"2025-05-24T16:11:21","guid":{"rendered":"https:\/\/meinfinanzcoaching.de\/welcome-to-https-meinfinanzcoaching-de\/"},"modified":"2025-12-06T19:54:58","modified_gmt":"2025-12-06T19:54:58","slug":"welcome-to-https-meinfinanzcoaching-de","status":"publish","type":"page","link":"https:\/\/meinfinanzcoaching.de\/","title":{"rendered":"Mein FinanzCoaching"},"content":{"rendered":"\n<p class=\"has-ast-global-color-1-color has-text-color has-link-color has-medium-font-size wp-elements-2e671d21faac3d2914d930f17660ffd8\" style=\"margin-top:var(--wp--preset--spacing--50)\"><strong>Willkommen bei deinem Start in ein neues Finanzbewusstsein<\/strong> &#8211; <strong>Finanzen verstehen, selbstbestimmt handeln und nachhaltig investieren.<\/strong><\/p>\n\n\n\n<p>Du m\u00f6chtest endlich den \u00dcberblick \u00fcber deine Finanzen gewinnen, selbstbestimmt finanzielle Entscheidungen treffen und dabei mit gutem Gef\u00fchl investieren? Dann bist du hier genau richtig. <\/p>\n\n\n\n<p>Geld ist weit mehr als nur Zahlen auf einem Konto \u2013 es spiegelt deine Entscheidungen, Ziele und Werte wider. Doch wie oft fehlt es an Klarheit, Strategie und einem gesunden Verh\u00e4ltnis zum eigenen Geld? Um finanzielle Stabilit\u00e4t und Erfolg zu erreichen, brauchst du die richtige Einstellung zu Geld und Reichtum.<\/p>\n\n\n\n<p>Lerne bew\u00e4hrte Methoden und Tools kennen, wie du stets den \u00dcberblick \u00fcber deine Finanzen beh\u00e4ltst und am Monatsende finanziell im Plus bleibst.<\/p>\n\n\n\n<p>Als gelernte Bankkauffrau, Traderin und Umweltmanagerin begleite ich dich auf dem Weg zu finanzieller Klarheit, Kompetenz und Freiheit \u2013 unabh\u00e4ngig von Alter oder deiner Lebenssituation. <\/p>\n\n\n\n<p>Ich helfe dir dabei, <strong>FinanzWissen<\/strong> gezielt aufzubauen, deine <strong>FinanzManagement<\/strong> aufzubauen, dein pers\u00f6nliches <strong>MoneyMindset<\/strong> zu st\u00e4rken und eine <strong>FinanzStrategie<\/strong> zu entwickeln, die wirklich zu dir passt.<\/p>\n\n\n\n<p class=\"has-ast-global-color-1-color has-text-color has-link-color has-medium-font-size wp-elements-f6535f7b5edc0e13951267ba83a339f7\" style=\"margin-top:var(--wp--preset--spacing--30)\"><strong>Mein FinanzCoaching bietet dir:<\/strong><\/p>\n\n\n\n<ul class=\"wp-block-list\">\n<li><strong>Fundiertes FinanzWissen<\/strong>, verst\u00e4ndlich und alltagsnah vermittelt &#8211; f\u00fcr mehr Vertrauen und Selbstbewusstsein im Umgang mit deinem Geld.<\/li>\n\n\n\n<li>Einblicke in die Psychologie des Geldes, die dir helfen, deine individuellen Hindernisse und finanziellen \u00c4ngste zu identifizieren, so dass du selbstbestimmt finanziell kluge Entscheidungen treffen kannst.<\/li>\n\n\n\n<li>Dein <strong>individuelles MoneyMindsets<\/strong> zu erkennen, zu \u00e4ndern und zu festigen, denn eine positive Beziehung zu Geld und nachhaltiger finanzieller Erfolg beginnen im Kopf.<\/li>\n\n\n\n<li>Ich biete dir einfache Methoden, um deine Geldfl\u00fcsse und Verm\u00f6genssituation strukturiert zu erfassen, denn <strong>finanzielle Transparen<\/strong>z kommt vor der Finanzplanung und dem Verm\u00f6gensaufbau. <\/li>\n\n\n\n<li>Bestimme deine <strong>individuelle Risikobereitschaft <\/strong>und lerne, wie du mit einem <strong>strukturierten<\/strong> und <strong>alltagstauglichen FinanzManagement<\/strong> finanziell erfolgreich wirst.<\/li>\n\n\n\n<li>Ich unterst\u00fctze dich dabei <strong>eine individuelle FinanzStrategie<\/strong> zu entwickeln, die zu deinem Leben und deiner aktuellen Lebensphase passt.<\/li>\n\n\n\n<li>Ich zeige dir, wie du mit <strong>Impact Investing<\/strong> <strong>nachhaltige Finanzanlagen<\/strong> findest, die mit deinen pers\u00f6nlichen Werten im Einklang stehen und dir trotzdem eine gute Rendite bieten. Dein Geld kann mehr als nur Rendite erwirtschaften \u2013 es kann <strong>Wirkung entfalten<\/strong>.<\/li>\n<\/ul>\n\n\n\n<p><\/p>\n\n\n\n<figure class=\"wp-block-image aligncenter size-large is-resized is-style-rounded\" style=\"margin-top:var(--wp--preset--spacing--50)\"><img decoding=\"async\" src=\"https:\/\/s.w.org\/images\/core\/5.8\/portrait.jpg\" alt=\"Seitliches Profil einer Frau mit rostrotem Rollkragenpullover und wei\u00dfer Tasche. Sie blickt mit geschlossenen Augen auf.\" style=\"width:150px;height:150px\"\/><\/figure>\n\n\n\n<blockquote class=\"wp-block-quote has-text-align-center is-style-large has-small-font-size is-layout-flow wp-block-quote-is-layout-flow\" style=\"margin-bottom:var(--wp--preset--spacing--60)\">\n<p>\u201eDas Coaching war das Beste, was ich bisher f\u00fcr mich getan habe.\u201c<\/p>\n<cite><em>Franziska Schnait, Coachee<\/em><\/cite><\/blockquote>\n\n\n\n<p class=\"has-luminous-vivid-orange-color has-text-color has-link-color wp-elements-4a8b107ba93e06aa5fa23c496fc10a3e\"><\/p>\n","protected":false},"excerpt":{"rendered":"<p>Willkommen bei deinem Start in ein neues Finanzbewusstsein &#8211; Finanzen verstehen, selbstbestimmt handeln und nachhaltig investieren. Du m\u00f6chtest endlich den \u00dcberblick \u00fcber deine Finanzen gewinnen, selbstbestimmt finanzielle Entscheidungen treffen und dabei mit gutem Gef\u00fchl investieren? Dann bist du hier genau richtig. Geld ist weit mehr als nur Zahlen auf einem Konto \u2013 es spiegelt deine [&hellip;]<\/p>\n","protected":false},"author":1,"featured_media":0,"parent":0,"menu_order":0,"comment_status":"closed","ping_status":"open","template":"","meta":{"footnotes":""},"class_list":["post-5","page","type-page","status-publish","hentry"],"yoast_head":"<!-- This site is optimized with the Yoast SEO plugin v27.5 - https:\/\/yoast.com\/product\/yoast-seo-wordpress\/ -->\n<title>Mein FinanzCoaching - Mein FinanzCoaching<\/title>\n<meta name=\"robots\" content=\"index, follow, max-snippet:-1, max-image-preview:large, max-video-preview:-1\" \/>\n<link rel=\"canonical\" href=\"http:\/\/meinfinanzcoaching.de\/\" \/>\n<meta property=\"og:locale\" content=\"de_DE\" \/>\n<meta property=\"og:type\" content=\"article\" \/>\n<meta property=\"og:title\" content=\"Mein FinanzCoaching - Mein FinanzCoaching\" \/>\n<meta property=\"og:description\" content=\"Willkommen bei deinem Start in ein neues Finanzbewusstsein &#8211; Finanzen verstehen, selbstbestimmt handeln und nachhaltig investieren. Du m\u00f6chtest endlich den \u00dcberblick \u00fcber deine Finanzen gewinnen, selbstbestimmt finanzielle Entscheidungen treffen und dabei mit gutem Gef\u00fchl investieren? Dann bist du hier genau richtig. Geld ist weit mehr als nur Zahlen auf einem Konto \u2013 es spiegelt deine [&hellip;]\" \/>\n<meta property=\"og:url\" content=\"http:\/\/meinfinanzcoaching.de\/\" \/>\n<meta property=\"og:site_name\" content=\"Mein FinanzCoaching\" \/>\n<meta property=\"article:modified_time\" content=\"2025-12-06T19:54:58+00:00\" \/>\n<meta property=\"og:image\" content=\"https:\/\/s.w.org\/images\/core\/5.8\/portrait.jpg\" \/>\n<script type=\"application\/ld+json\" class=\"yoast-schema-graph\">{\"@context\":\"https:\\\/\\\/schema.org\",\"@graph\":[{\"@type\":\"WebPage\",\"@id\":\"http:\\\/\\\/meinfinanzcoaching.de\\\/\",\"url\":\"http:\\\/\\\/meinfinanzcoaching.de\\\/\",\"name\":\"Mein FinanzCoaching - Mein FinanzCoaching\",\"isPartOf\":{\"@id\":\"http:\\\/\\\/meinfinanzcoaching.de\\\/#website\"},\"primaryImageOfPage\":{\"@id\":\"http:\\\/\\\/meinfinanzcoaching.de\\\/#primaryimage\"},\"image\":{\"@id\":\"http:\\\/\\\/meinfinanzcoaching.de\\\/#primaryimage\"},\"thumbnailUrl\":\"https:\\\/\\\/s.w.org\\\/images\\\/core\\\/5.8\\\/portrait.jpg\",\"datePublished\":\"2025-05-24T16:11:21+00:00\",\"dateModified\":\"2025-12-06T19:54:58+00:00\",\"breadcrumb\":{\"@id\":\"http:\\\/\\\/meinfinanzcoaching.de\\\/#breadcrumb\"},\"inLanguage\":\"de\",\"potentialAction\":[{\"@type\":\"ReadAction\",\"target\":[\"http:\\\/\\\/meinfinanzcoaching.de\\\/\"]}]},{\"@type\":\"ImageObject\",\"inLanguage\":\"de\",\"@id\":\"http:\\\/\\\/meinfinanzcoaching.de\\\/#primaryimage\",\"url\":\"https:\\\/\\\/s.w.org\\\/images\\\/core\\\/5.8\\\/portrait.jpg\",\"contentUrl\":\"https:\\\/\\\/s.w.org\\\/images\\\/core\\\/5.8\\\/portrait.jpg\"},{\"@type\":\"BreadcrumbList\",\"@id\":\"http:\\\/\\\/meinfinanzcoaching.de\\\/#breadcrumb\",\"itemListElement\":[{\"@type\":\"ListItem\",\"position\":1,\"name\":\"Startseite\",\"item\":\"http:\\\/\\\/meinfinanzcoaching.de\\\/\"},{\"@type\":\"ListItem\",\"position\":2,\"name\":\"Mein FinanzCoaching\"}]},{\"@type\":\"WebSite\",\"@id\":\"http:\\\/\\\/meinfinanzcoaching.de\\\/#website\",\"url\":\"http:\\\/\\\/meinfinanzcoaching.de\\\/\",\"name\":\"MeinFinanzCoaching\",\"description\":\"FinanzBildung. FinanzManagement.\",\"publisher\":{\"@id\":\"http:\\\/\\\/meinfinanzcoaching.de\\\/#organization\"},\"potentialAction\":[{\"@type\":\"SearchAction\",\"target\":{\"@type\":\"EntryPoint\",\"urlTemplate\":\"http:\\\/\\\/meinfinanzcoaching.de\\\/?s={search_term_string}\"},\"query-input\":{\"@type\":\"PropertyValueSpecification\",\"valueRequired\":true,\"valueName\":\"search_term_string\"}}],\"inLanguage\":\"de\"},{\"@type\":\"Organization\",\"@id\":\"http:\\\/\\\/meinfinanzcoaching.de\\\/#organization\",\"name\":\"Romina Kuppen\",\"url\":\"http:\\\/\\\/meinfinanzcoaching.de\\\/\",\"logo\":{\"@type\":\"ImageObject\",\"inLanguage\":\"de\",\"@id\":\"http:\\\/\\\/meinfinanzcoaching.de\\\/#\\\/schema\\\/logo\\\/image\\\/\",\"url\":\"https:\\\/\\\/meinfinanzcoaching.de\\\/wp-content\\\/uploads\\\/2025\\\/05\\\/cropped-Website-Icon-1.png\",\"contentUrl\":\"https:\\\/\\\/meinfinanzcoaching.de\\\/wp-content\\\/uploads\\\/2025\\\/05\\\/cropped-Website-Icon-1.png\",\"width\":512,\"height\":512,\"caption\":\"Romina Kuppen\"},\"image\":{\"@id\":\"http:\\\/\\\/meinfinanzcoaching.de\\\/#\\\/schema\\\/logo\\\/image\\\/\"}}]}<\/script>\n<!-- \/ Yoast SEO plugin. -->","yoast_head_json":{"title":"Mein FinanzCoaching - Mein FinanzCoaching","robots":{"index":"index","follow":"follow","max-snippet":"max-snippet:-1","max-image-preview":"max-image-preview:large","max-video-preview":"max-video-preview:-1"},"canonical":"http:\/\/meinfinanzcoaching.de\/","og_locale":"de_DE","og_type":"article","og_title":"Mein FinanzCoaching - Mein FinanzCoaching","og_description":"Willkommen bei deinem Start in ein neues Finanzbewusstsein &#8211; Finanzen verstehen, selbstbestimmt handeln und nachhaltig investieren. Du m\u00f6chtest endlich den \u00dcberblick \u00fcber deine Finanzen gewinnen, selbstbestimmt finanzielle Entscheidungen treffen und dabei mit gutem Gef\u00fchl investieren? Dann bist du hier genau richtig. Geld ist weit mehr als nur Zahlen auf einem Konto \u2013 es spiegelt deine [&hellip;]","og_url":"http:\/\/meinfinanzcoaching.de\/","og_site_name":"Mein FinanzCoaching","article_modified_time":"2025-12-06T19:54:58+00:00","og_image":[{"url":"https:\/\/s.w.org\/images\/core\/5.8\/portrait.jpg","type":"","width":"","height":""}],"schema":{"@context":"https:\/\/schema.org","@graph":[{"@type":"WebPage","@id":"http:\/\/meinfinanzcoaching.de\/","url":"http:\/\/meinfinanzcoaching.de\/","name":"Mein FinanzCoaching - Mein FinanzCoaching","isPartOf":{"@id":"http:\/\/meinfinanzcoaching.de\/#website"},"primaryImageOfPage":{"@id":"http:\/\/meinfinanzcoaching.de\/#primaryimage"},"image":{"@id":"http:\/\/meinfinanzcoaching.de\/#primaryimage"},"thumbnailUrl":"https:\/\/s.w.org\/images\/core\/5.8\/portrait.jpg","datePublished":"2025-05-24T16:11:21+00:00","dateModified":"2025-12-06T19:54:58+00:00","breadcrumb":{"@id":"http:\/\/meinfinanzcoaching.de\/#breadcrumb"},"inLanguage":"de","potentialAction":[{"@type":"ReadAction","target":["http:\/\/meinfinanzcoaching.de\/"]}]},{"@type":"ImageObject","inLanguage":"de","@id":"http:\/\/meinfinanzcoaching.de\/#primaryimage","url":"https:\/\/s.w.org\/images\/core\/5.8\/portrait.jpg","contentUrl":"https:\/\/s.w.org\/images\/core\/5.8\/portrait.jpg"},{"@type":"BreadcrumbList","@id":"http:\/\/meinfinanzcoaching.de\/#breadcrumb","itemListElement":[{"@type":"ListItem","position":1,"name":"Startseite","item":"http:\/\/meinfinanzcoaching.de\/"},{"@type":"ListItem","position":2,"name":"Mein FinanzCoaching"}]},{"@type":"WebSite","@id":"http:\/\/meinfinanzcoaching.de\/#website","url":"http:\/\/meinfinanzcoaching.de\/","name":"MeinFinanzCoaching","description":"FinanzBildung. FinanzManagement.","publisher":{"@id":"http:\/\/meinfinanzcoaching.de\/#organization"},"potentialAction":[{"@type":"SearchAction","target":{"@type":"EntryPoint","urlTemplate":"http:\/\/meinfinanzcoaching.de\/?s={search_term_string}"},"query-input":{"@type":"PropertyValueSpecification","valueRequired":true,"valueName":"search_term_string"}}],"inLanguage":"de"},{"@type":"Organization","@id":"http:\/\/meinfinanzcoaching.de\/#organization","name":"Romina Kuppen","url":"http:\/\/meinfinanzcoaching.de\/","logo":{"@type":"ImageObject","inLanguage":"de","@id":"http:\/\/meinfinanzcoaching.de\/#\/schema\/logo\/image\/","url":"https:\/\/meinfinanzcoaching.de\/wp-content\/uploads\/2025\/05\/cropped-Website-Icon-1.png","contentUrl":"https:\/\/meinfinanzcoaching.de\/wp-content\/uploads\/2025\/05\/cropped-Website-Icon-1.png","width":512,"height":512,"caption":"Romina Kuppen"},"image":{"@id":"http:\/\/meinfinanzcoaching.de\/#\/schema\/logo\/image\/"}}]}},"_links":{"self":[{"href":"https:\/\/meinfinanzcoaching.de\/index.php?rest_route=\/wp\/v2\/pages\/5","targetHints":{"allow":["GET"]}}],"collection":[{"href":"https:\/\/meinfinanzcoaching.de\/index.php?rest_route=\/wp\/v2\/pages"}],"about":[{"href":"https:\/\/meinfinanzcoaching.de\/index.php?rest_route=\/wp\/v2\/types\/page"}],"author":[{"embeddable":true,"href":"https:\/\/meinfinanzcoaching.de\/index.php?rest_route=\/wp\/v2\/users\/1"}],"replies":[{"embeddable":true,"href":"https:\/\/meinfinanzcoaching.de\/index.php?rest_route=%2Fwp%2Fv2%2Fcomments&post=5"}],"version-history":[{"count":88,"href":"https:\/\/meinfinanzcoaching.de\/index.php?rest_route=\/wp\/v2\/pages\/5\/revisions"}],"predecessor-version":[{"id":717,"href":"https:\/\/meinfinanzcoaching.de\/index.php?rest_route=\/wp\/v2\/pages\/5\/revisions\/717"}],"wp:attachment":[{"href":"https:\/\/meinfinanzcoaching.de\/index.php?rest_route=%2Fwp%2Fv2%2Fmedia&parent=5"}],"curies":[{"name":"wp","href":"https:\/\/api.w.org\/{rel}","templated":true}]}}